{"id":2335,"date":"2022-07-13T13:58:00","date_gmt":"2022-07-13T10:58:00","guid":{"rendered":"https:\/\/www.kythiradomos.gr\/aroniadika\/"},"modified":"2023-01-04T13:28:50","modified_gmt":"2023-01-04T11:28:50","slug":"aroniadika","status":"publish","type":"page","link":"https:\/\/www.kythiradomos.gr\/de\/aroniadika\/","title":{"rendered":"Aroniadika"},"content":{"rendered":"\t\t<div data-elementor-type=\"wp-page\" data-elementor-id=\"2335\" class=\"elementor elementor-2335 elementor-792\">\n\t\t\t\t\t\t\t\t\t<section data-particle_enable=\"false\" data-particle-mobile-disabled=\"false\" class=\"elementor-section elementor-top-section elementor-element elementor-element-0755a44 elementor-section-height-min-height elementor-section-items-bottom elementor-section-content-bottom elementor-section-boxed elementor-section-height-default\" data-id=\"0755a44\" data-element_type=\"section\" data-settings=\"{&quot;background_background&quot;:&quot;classic&quot;}\">\n\t\t\t\t\t\t<div class=\"elementor-container elementor-column-gap-default\">\n\t\t\t\t\t<div class=\"elementor-column elementor-col-100 elementor-top-column elementor-element elementor-element-6dda884\" data-id=\"6dda884\" data-element_type=\"column\" data-settings=\"{&quot;background_background&quot;:&quot;classic&quot;}\">\n\t\t\t<div class=\"elementor-widget-wrap elementor-element-populated\">\n\t\t\t\t\t\t\t\t<div class=\"elementor-element elementor-element-51623f0 elementor-widget elementor-widget-heading\" data-id=\"51623f0\" data-element_type=\"widget\" data-widget_type=\"heading.default\">\n\t\t\t\t<div class=\"elementor-widget-container\">\n\t\t\t<style>\/*! elementor - v3.11.5 - 14-03-2023 *\/\n.elementor-heading-title{padding:0;margin:0;line-height:1}.elementor-widget-heading .elementor-heading-title[class*=elementor-size-]>a{color:inherit;font-size:inherit;line-height:inherit}.elementor-widget-heading .elementor-heading-title.elementor-size-small{font-size:15px}.elementor-widget-heading .elementor-heading-title.elementor-size-medium{font-size:19px}.elementor-widget-heading .elementor-heading-title.elementor-size-large{font-size:29px}.elementor-widget-heading .elementor-heading-title.elementor-size-xl{font-size:39px}.elementor-widget-heading .elementor-heading-title.elementor-size-xxl{font-size:59px}<\/style><h2 class=\"elementor-heading-title elementor-size-default\">Aroniadika<\/h2>\t\t<\/div>\n\t\t\t\t<\/div>\n\t\t\t\t<div class=\"elementor-element elementor-element-d752c1a elementor-widget elementor-widget-text-editor\" data-id=\"d752c1a\" data-element_type=\"widget\" data-widget_type=\"text-editor.default\">\n\t\t\t\t<div class=\"elementor-widget-container\">\n\t\t\t<style>\/*! elementor - v3.11.5 - 14-03-2023 *\/\n.elementor-widget-text-editor.elementor-drop-cap-view-stacked .elementor-drop-cap{background-color:#818a91;color:#fff}.elementor-widget-text-editor.elementor-drop-cap-view-framed .elementor-drop-cap{color:#818a91;border:3px solid;background-color:transparent}.elementor-widget-text-editor:not(.elementor-drop-cap-view-default) .elementor-drop-cap{margin-top:8px}.elementor-widget-text-editor:not(.elementor-drop-cap-view-default) .elementor-drop-cap-letter{width:1em;height:1em}.elementor-widget-text-editor .elementor-drop-cap{float:left;text-align:center;line-height:1;font-size:50px}.elementor-widget-text-editor .elementor-drop-cap-letter{display:inline-block}<\/style>\t\t\t\t<\/p>\n<p>Aroniadika ist eine traditionelle Siedlung mit hervorragenden Beispielen des architektonischen Erbes von Kythira und zieht Menschen an, die sich f\u00fcr die Geschichte und Tradition der Insel interessieren.<\/p>\n\t\t\t\t\t\t<\/div>\n\t\t\t\t<\/div>\n\t\t\t\t<div class=\"elementor-element elementor-element-0318bfd elementor-widget elementor-widget-text-editor\" data-id=\"0318bfd\" data-element_type=\"widget\" data-widget_type=\"text-editor.default\">\n\t\t\t\t<div class=\"elementor-widget-container\">\n\t\t\t\t\t\t\t<p>\u201eAlte H\u00e4user mit Festungsarchitektur, Haust\u00fcren, Fensterl\u00e4den mit lokalen Mandelsteinen und Tuffsteinen, gepflasterte Innenh\u00f6fe, Treppen, Obergeschosse, \u00d6fenh\u00e4user, Volta, Blumenk\u00e4sten, Rundb\u00f6gen, Laubeng\u00e4nge, Balkone, Terrassen, Kopfsteinpflaster, Schornsteine, all das schafft eine Umgebung, die beim Spazierengehen und Beobachten die Vergangenheit von Kythira mit dem Echo von Piraten\u00fcberf\u00e4llen und den traditionellen Besch\u00e4ftigungen von M\u00e4nnern und Frauen zum Leben erweckt.\u201c<\/p>\n<p><a href=\"https:\/\/www.eleniharou.gr\/aroniadika-ena-anoichto-laografiko-moyseio-ton-kythiron\/\" target=\"_blank\" rel=\"noopener\"><span style=\"text-decoration: underline;\">eleniharou.gr\/aroniadika 1 &gt;<\/span><\/a><a href=\"https:\/\/www.eleniharou.gr\/aroniadika-to-chorio-ton-chalkiadon\" target=\"_blank\" rel=\"noopener\"><span style=\"text-decoration: underline;\">eleniharou.gr\/aroniadika 2<\/span> &gt;<\/a> <\/p>\n\t\t\t\t\t\t<\/div>\n\t\t\t\t<\/div>\n\t\t\t\t\t<\/div>\n\t\t<\/div>\n\t\t\t\t\t\t\t<\/div>\n\t\t<\/section>\n\t\t\t\t<section data-particle_enable=\"false\" data-particle-mobile-disabled=\"false\" class=\"elementor-section elementor-top-section elementor-element elementor-element-41bbfbd elementor-section-boxed elementor-section-height-default elementor-section-height-default\" data-id=\"41bbfbd\" data-element_type=\"section\" data-settings=\"{&quot;background_background&quot;:&quot;classic&quot;}\">\n\t\t\t\t\t\t<div class=\"elementor-container elementor-column-gap-default\">\n\t\t\t\t\t<div class=\"elementor-column elementor-col-50 elementor-top-column elementor-element elementor-element-80c08b9\" data-id=\"80c08b9\" data-element_type=\"column\">\n\t\t\t<div class=\"elementor-widget-wrap elementor-element-populated\">\n\t\t\t\t\t\t\t\t<div class=\"elementor-element elementor-element-ddbbce6 elementor-invisible elementor-widget elementor-widget-heading\" data-id=\"ddbbce6\" data-element_type=\"widget\" data-settings=\"{&quot;_animation&quot;:&quot;fadeInLeft&quot;}\" data-widget_type=\"heading.default\">\n\t\t\t\t<div class=\"elementor-widget-container\">\n\t\t\t<h2 class=\"elementor-heading-title elementor-size-default\">Eine Reise <br>durch die Zeit<\/h2>\t\t<\/div>\n\t\t\t\t<\/div>\n\t\t\t\t\t<\/div>\n\t\t<\/div>\n\t\t\t\t<div class=\"elementor-column elementor-col-50 elementor-top-column elementor-element elementor-element-0302620\" data-id=\"0302620\" data-element_type=\"column\">\n\t\t\t<div class=\"elementor-widget-wrap elementor-element-populated\">\n\t\t\t\t\t\t\t\t<div class=\"elementor-element elementor-element-e33b85d elementor-invisible elementor-widget elementor-widget-text-editor\" data-id=\"e33b85d\" data-element_type=\"widget\" data-settings=\"{&quot;_animation&quot;:&quot;fadeIn&quot;}\" data-widget_type=\"text-editor.default\">\n\t\t\t\t<div class=\"elementor-widget-container\">\n\t\t\t\t\t\t\t<p>Die Siedlung hat viele enge Gassen mit Kopfsteinpflaster und Durchgangsstra\u00dfen, die kein Raum f\u00fcr Autos haben. Hier spazieren zu gehen ist ein Genuss.<\/p>\n<p>Es ist wirklich eine Reise in die Vergangenheit, da sich sorgf\u00e4ltig restaurierte H\u00e4user und Herrenh\u00e4user mit alten Ruinen abwechseln und von Feldern, Obstg\u00e4rten und G\u00e4rten umgeben sind.<\/p>\n\t\t\t\t\t\t<\/div>\n\t\t\t\t<\/div>\n\t\t\t\t\t<\/div>\n\t\t<\/div>\n\t\t\t\t\t\t\t<\/div>\n\t\t<\/section>\n\t\t\t\t<section data-particle_enable=\"false\" data-particle-mobile-disabled=\"false\" class=\"elementor-section elementor-top-section elementor-element elementor-element-e59915c elementor-section-boxed elementor-section-height-default elementor-section-height-default\" data-id=\"e59915c\" data-element_type=\"section\">\n\t\t\t\t\t\t<div class=\"elementor-container elementor-column-gap-default\">\n\t\t\t\t\t<div class=\"elementor-column elementor-col-50 elementor-top-column elementor-element elementor-element-7eac16f\" data-id=\"7eac16f\" data-element_type=\"column\">\n\t\t\t<div class=\"elementor-widget-wrap elementor-element-populated\">\n\t\t\t\t\t\t\t\t<div class=\"elementor-element elementor-element-7ec7908 elementor-widget elementor-widget-image\" data-id=\"7ec7908\" data-element_type=\"widget\" data-widget_type=\"image.default\">\n\t\t\t\t<div class=\"elementor-widget-container\">\n\t\t\t<style>\/*! elementor - v3.11.5 - 14-03-2023 *\/\n.elementor-widget-image{text-align:center}.elementor-widget-image a{display:inline-block}.elementor-widget-image a img[src$=\".svg\"]{width:48px}.elementor-widget-image img{vertical-align:middle;display:inline-block}<\/style>\t\t\t\t\t\t\t\t\t\t\t\t<img loading=\"lazy\" decoding=\"async\" width=\"615\" height=\"750\" src=\"https:\/\/www.kythiradomos.gr\/wp-content\/uploads\/2023\/01\/aroniadika_map-2_EN.jpg\" class=\"attachment-large size-large wp-image-2392\" alt=\"\" srcset=\"https:\/\/www.kythiradomos.gr\/wp-content\/uploads\/2023\/01\/aroniadika_map-2_EN.jpg 615w, https:\/\/www.kythiradomos.gr\/wp-content\/uploads\/2023\/01\/aroniadika_map-2_EN-246x300.jpg 246w\" sizes=\"auto, (max-width: 615px) 100vw, 615px\" \/>\t\t\t\t\t\t\t\t\t\t\t\t\t\t\t<\/div>\n\t\t\t\t<\/div>\n\t\t\t\t\t<\/div>\n\t\t<\/div>\n\t\t\t\t<div class=\"elementor-column elementor-col-50 elementor-top-column elementor-element elementor-element-9c2c951\" data-id=\"9c2c951\" data-element_type=\"column\">\n\t\t\t<div class=\"elementor-widget-wrap elementor-element-populated\">\n\t\t\t\t\t\t\t\t<div class=\"elementor-element elementor-element-e581d72 elementor-invisible elementor-widget elementor-widget-text-editor\" data-id=\"e581d72\" data-element_type=\"widget\" data-settings=\"{&quot;_animation&quot;:&quot;zoomIn&quot;,&quot;_animation_delay&quot;:400}\" data-widget_type=\"text-editor.default\">\n\t\t\t\t<div class=\"elementor-widget-container\">\n\t\t\t\t\t\t\t<p>Warum sollten Sie Aroniadika ausw\u00e4hlen?<\/p>\n\t\t\t\t\t\t<\/div>\n\t\t\t\t<\/div>\n\t\t\t\t<div class=\"elementor-element elementor-element-074d6b8 elementor-widget elementor-widget-text-editor\" data-id=\"074d6b8\" data-element_type=\"widget\" data-widget_type=\"text-editor.default\">\n\t\t\t\t<div class=\"elementor-widget-container\">\n\t\t\t\t\t\t\t<ul>\n<li>Seltene sch\u00f6ne Erhaltungssiedlung.<\/li>\n<li>Stille und Isolationsgef\u00fchl.<\/li>\n<li>K\u00fchle durch West- und Nordwinde.<\/li>\n<li>Essen und Gesch\u00e4fte zu Fu\u00df erreichbar<\/li>\n<li>Zentrale Lage mit gleichen Entfernungen von allen interessanten Punkten der Insel.<\/li>\n<li>Kurze Entfernung von Flughafen, Hafen und Krankenhaus.<\/li>\n<li>Es richtet sich an diejenigen unter Ihnen, die keine Fans des Massentourismus sind.<\/li>\n<\/ul>\n\t\t\t\t\t\t<\/div>\n\t\t\t\t<\/div>\n\t\t\t\t\t<\/div>\n\t\t<\/div>\n\t\t\t\t\t\t\t<\/div>\n\t\t<\/section>\n\t\t\t\t<section data-particle_enable=\"false\" data-particle-mobile-disabled=\"false\" class=\"elementor-section elementor-top-section elementor-element elementor-element-3bd18e8 elementor-section-full_width elementor-section-height-default elementor-section-height-default\" data-id=\"3bd18e8\" data-element_type=\"section\" data-settings=\"{&quot;background_background&quot;:&quot;classic&quot;}\">\n\t\t\t\t\t\t<div class=\"elementor-container elementor-column-gap-default\">\n\t\t\t\t\t<div class=\"elementor-column elementor-col-100 elementor-top-column elementor-element elementor-element-8fecbff\" data-id=\"8fecbff\" data-element_type=\"column\">\n\t\t\t<div class=\"elementor-widget-wrap elementor-element-populated\">\n\t\t\t\t\t\t\t\t<div class=\"elementor-element elementor-element-0a444f7 elementor-widget elementor-widget-heading\" data-id=\"0a444f7\" data-element_type=\"widget\" data-widget_type=\"heading.default\">\n\t\t\t\t<div class=\"elementor-widget-container\">\n\t\t\t<h2 class=\"elementor-heading-title elementor-size-default\">Photo Gallery<\/h2>\t\t<\/div>\n\t\t\t\t<\/div>\n\t\t\t\t<div class=\"elementor-element elementor-element-abf7705 elementor-arrows-position-inside elementor-pagination-position-outside elementor-widget elementor-widget-image-carousel\" data-id=\"abf7705\" data-element_type=\"widget\" data-settings=\"{&quot;lazyload&quot;:&quot;yes&quot;,&quot;image_spacing_custom&quot;:{&quot;unit&quot;:&quot;px&quot;,&quot;size&quot;:57,&quot;sizes&quot;:[]},&quot;slides_to_show&quot;:&quot;2&quot;,&quot;slides_to_scroll&quot;:&quot;2&quot;,&quot;navigation&quot;:&quot;both&quot;,&quot;autoplay&quot;:&quot;yes&quot;,&quot;pause_on_hover&quot;:&quot;yes&quot;,&quot;pause_on_interaction&quot;:&quot;yes&quot;,&quot;autoplay_speed&quot;:5000,&quot;infinite&quot;:&quot;yes&quot;,&quot;speed&quot;:500,&quot;image_spacing_custom_laptop&quot;:{&quot;unit&quot;:&quot;px&quot;,&quot;size&quot;:&quot;&quot;,&quot;sizes&quot;:[]},&quot;image_spacing_custom_tablet_extra&quot;:{&quot;unit&quot;:&quot;px&quot;,&quot;size&quot;:&quot;&quot;,&quot;sizes&quot;:[]},&quot;image_spacing_custom_tablet&quot;:{&quot;unit&quot;:&quot;px&quot;,&quot;size&quot;:&quot;&quot;,&quot;sizes&quot;:[]},&quot;image_spacing_custom_mobile&quot;:{&quot;unit&quot;:&quot;px&quot;,&quot;size&quot;:&quot;&quot;,&quot;sizes&quot;:[]}}\" data-widget_type=\"image-carousel.default\">\n\t\t\t\t<div class=\"elementor-widget-container\">\n\t\t\t<style>\/*! elementor - v3.11.5 - 14-03-2023 *\/\n.elementor-widget-image-carousel .swiper,.elementor-widget-image-carousel .swiper-container{position:static}.elementor-widget-image-carousel .swiper-container .swiper-slide figure,.elementor-widget-image-carousel .swiper .swiper-slide figure{line-height:inherit}.elementor-widget-image-carousel .swiper-slide{text-align:center}.elementor-image-carousel-wrapper:not(.swiper-container-initialized) .swiper-slide,.elementor-image-carousel-wrapper:not(.swiper-initialized) .swiper-slide{max-width:calc(100% \/ var(--e-image-carousel-slides-to-show, 3))}<\/style>\t\t<div class=\"elementor-image-carousel-wrapper swiper-container\" dir=\"ltr\">\n\t\t\t<div class=\"elementor-image-carousel swiper-wrapper swiper-image-stretch\">\n\t\t\t\t\t\t\t\t<div class=\"swiper-slide\"><figure class=\"swiper-slide-inner\"><img class=\"swiper-slide-image swiper-lazy\" data-src=\"https:\/\/www.kythiradomos.gr\/wp-content\/uploads\/2022\/07\/gallery_14-768x506.jpg\" alt=\"\u0391roniadika\" \/><div class=\"swiper-lazy-preloader\"><\/div><\/figure><\/div><div class=\"swiper-slide\"><figure class=\"swiper-slide-inner\"><img class=\"swiper-slide-image swiper-lazy\" data-src=\"https:\/\/www.kythiradomos.gr\/wp-content\/uploads\/2022\/07\/gallery_13-768x506.jpg\" alt=\"\u0391roniadika\" \/><div class=\"swiper-lazy-preloader\"><\/div><\/figure><\/div><div class=\"swiper-slide\"><figure class=\"swiper-slide-inner\"><img class=\"swiper-slide-image swiper-lazy\" data-src=\"https:\/\/www.kythiradomos.gr\/wp-content\/uploads\/2022\/07\/gallery_12-768x506.jpg\" alt=\"\u0391roniadika\" \/><div class=\"swiper-lazy-preloader\"><\/div><\/figure><\/div><div class=\"swiper-slide\"><figure class=\"swiper-slide-inner\"><img class=\"swiper-slide-image swiper-lazy\" data-src=\"https:\/\/www.kythiradomos.gr\/wp-content\/uploads\/2022\/07\/gallery_11-768x506.jpg\" alt=\"\u0391roniadika\" \/><div class=\"swiper-lazy-preloader\"><\/div><\/figure><\/div><div class=\"swiper-slide\"><figure class=\"swiper-slide-inner\"><img class=\"swiper-slide-image swiper-lazy\" data-src=\"https:\/\/www.kythiradomos.gr\/wp-content\/uploads\/2022\/08\/ARONIADIKA_new1.jpg\" alt=\"ARONIADIKA_new1\" \/><div class=\"swiper-lazy-preloader\"><\/div><\/figure><\/div><div class=\"swiper-slide\"><figure class=\"swiper-slide-inner\"><img class=\"swiper-slide-image swiper-lazy\" data-src=\"https:\/\/www.kythiradomos.gr\/wp-content\/uploads\/2022\/07\/ARONIADIKA3.jpg\" alt=\"ARONIADIKA3\" \/><div class=\"swiper-lazy-preloader\"><\/div><\/figure><\/div><div class=\"swiper-slide\"><figure class=\"swiper-slide-inner\"><img class=\"swiper-slide-image swiper-lazy\" data-src=\"https:\/\/www.kythiradomos.gr\/wp-content\/uploads\/2022\/07\/ARONIADIKA2.jpg\" alt=\"ARONIADIKA2\" \/><div class=\"swiper-lazy-preloader\"><\/div><\/figure><\/div><div class=\"swiper-slide\"><figure class=\"swiper-slide-inner\"><img class=\"swiper-slide-image swiper-lazy\" data-src=\"https:\/\/www.kythiradomos.gr\/wp-content\/uploads\/2022\/07\/ARONIADIKA4.jpg\" alt=\"ARONIADIKA4\" \/><div class=\"swiper-lazy-preloader\"><\/div><\/figure><\/div><div class=\"swiper-slide\"><figure class=\"swiper-slide-inner\"><img class=\"swiper-slide-image swiper-lazy\" data-src=\"https:\/\/www.kythiradomos.gr\/wp-content\/uploads\/2022\/07\/99-768x506.jpg\" alt=\"99\" \/><div class=\"swiper-lazy-preloader\"><\/div><\/figure><\/div><div class=\"swiper-slide\"><figure class=\"swiper-slide-inner\"><img class=\"swiper-slide-image swiper-lazy\" data-src=\"https:\/\/www.kythiradomos.gr\/wp-content\/uploads\/2022\/08\/ARONIADIKA_new2.jpg\" alt=\"ARONIADIKA_new2\" \/><div class=\"swiper-lazy-preloader\"><\/div><\/figure><\/div><div class=\"swiper-slide\"><figure class=\"swiper-slide-inner\"><img class=\"swiper-slide-image swiper-lazy\" data-src=\"https:\/\/www.kythiradomos.gr\/wp-content\/uploads\/2022\/07\/88-768x506.jpg\" alt=\"88\" \/><div class=\"swiper-lazy-preloader\"><\/div><\/figure><\/div><div class=\"swiper-slide\"><figure class=\"swiper-slide-inner\"><img class=\"swiper-slide-image swiper-lazy\" data-src=\"https:\/\/www.kythiradomos.gr\/wp-content\/uploads\/2022\/08\/ARONIADIKA_new3.jpg\" alt=\"ARONIADIKA_new3\" \/><div class=\"swiper-lazy-preloader\"><\/div><\/figure><\/div>\t\t\t<\/div>\n\t\t\t\t\t\t\t\t\t\t\t\t<div class=\"swiper-pagination\"><\/div>\n\t\t\t\t\t\t\t\t\t\t\t\t\t<div class=\"elementor-swiper-button elementor-swiper-button-prev\">\n\t\t\t\t\t\t<i aria-hidden=\"true\" class=\"eicon-chevron-left\"><\/i>\t\t\t\t\t\t<span class=\"elementor-screen-only\">Zur\u00fcck<\/span>\n\t\t\t\t\t<\/div>\n\t\t\t\t\t<div class=\"elementor-swiper-button elementor-swiper-button-next\">\n\t\t\t\t\t\t<i aria-hidden=\"true\" class=\"eicon-chevron-right\"><\/i>\t\t\t\t\t\t<span class=\"elementor-screen-only\">Weiter<\/span>\n\t\t\t\t\t<\/div>\n\t\t\t\t\t\t\t\t\t<\/div>\n\t\t\t\t<\/div>\n\t\t\t\t<\/div>\n\t\t\t\t\t<\/div>\n\t\t<\/div>\n\t\t\t\t\t\t\t<\/div>\n\t\t<\/section>\n\t\t\t\t\t\t\t<\/div>\n\t\t","protected":false},"excerpt":{"rendered":"<p>Aroniadika Aroniadika ist eine traditionelle Siedlung mit hervorragenden Beispielen des architektonischen Erbes von Kythira und zieht Menschen an, die sich f\u00fcr die Geschichte und Tradition der Insel interessieren. \u201eAlte H\u00e4user mit Festungsarchitektur, Haust\u00fcren, Fensterl\u00e4den mit lokalen Mandelsteinen und Tuffsteinen, gepflasterte Innenh\u00f6fe, Treppen, Obergeschosse, \u00d6fenh\u00e4user, Volta, Blumenk\u00e4sten, Rundb\u00f6gen, Laubeng\u00e4nge, Balkone, Terrassen, Kopfsteinpflaster, Schornsteine, all das schafft [&hellip;]<\/p>\n","protected":false},"author":1,"featured_media":0,"parent":0,"menu_order":0,"comment_status":"closed","ping_status":"closed","template":"elementor_header_footer","meta":{"footnotes":""},"class_list":["post-2335","page","type-page","status-publish","hentry"],"yoast_head":"<!-- This site is optimized with the Yoast SEO plugin v20.3 - https:\/\/yoast.com\/wordpress\/plugins\/seo\/ -->\n<title>Aroniadika - Pelitena Domos<\/title>\n<meta name=\"robots\" content=\"index, follow, max-snippet:-1, max-image-preview:large, max-video-preview:-1\" \/>\n<link rel=\"canonical\" href=\"https:\/\/www.kythiradomos.gr\/de\/aroniadika\/\" \/>\n<meta property=\"og:locale\" content=\"de_DE\" \/>\n<meta property=\"og:type\" content=\"article\" \/>\n<meta property=\"og:title\" content=\"Aroniadika - Pelitena Domos\" \/>\n<meta property=\"og:description\" content=\"Aroniadika Aroniadika ist eine traditionelle Siedlung mit hervorragenden Beispielen des architektonischen Erbes von Kythira und zieht Menschen an, die sich f\u00fcr die Geschichte und Tradition der Insel interessieren. \u201eAlte H\u00e4user mit Festungsarchitektur, Haust\u00fcren, Fensterl\u00e4den mit lokalen Mandelsteinen und Tuffsteinen, gepflasterte Innenh\u00f6fe, Treppen, Obergeschosse, \u00d6fenh\u00e4user, Volta, Blumenk\u00e4sten, Rundb\u00f6gen, Laubeng\u00e4nge, Balkone, Terrassen, Kopfsteinpflaster, Schornsteine, all das schafft [&hellip;]\" \/>\n<meta property=\"og:url\" content=\"https:\/\/www.kythiradomos.gr\/de\/aroniadika\/\" \/>\n<meta property=\"og:site_name\" content=\"Pelitena Domos\" \/>\n<meta property=\"article:modified_time\" content=\"2023-01-04T11:28:50+00:00\" \/>\n<meta property=\"og:image\" content=\"https:\/\/www.kythiradomos.gr\/wp-content\/uploads\/2023\/01\/aroniadika_map-2_EN.jpg\" \/>\n<meta name=\"twitter:card\" content=\"summary_large_image\" \/>\n<meta name=\"twitter:label1\" content=\"Gesch\u00e4tzte Lesezeit\" \/>\n\t<meta name=\"twitter:data1\" content=\"5\u00a0Minuten\" \/>\n<script type=\"application\/ld+json\" class=\"yoast-schema-graph\">{\"@context\":\"https:\/\/schema.org\",\"@graph\":[{\"@type\":\"WebPage\",\"@id\":\"https:\/\/www.kythiradomos.gr\/de\/aroniadika\/\",\"url\":\"https:\/\/www.kythiradomos.gr\/de\/aroniadika\/\",\"name\":\"Aroniadika - Pelitena Domos\",\"isPartOf\":{\"@id\":\"https:\/\/www.kythiradomos.gr\/#website\"},\"datePublished\":\"2022-07-13T10:58:00+00:00\",\"dateModified\":\"2023-01-04T11:28:50+00:00\",\"breadcrumb\":{\"@id\":\"https:\/\/www.kythiradomos.gr\/de\/aroniadika\/#breadcrumb\"},\"inLanguage\":\"de\",\"potentialAction\":[{\"@type\":\"ReadAction\",\"target\":[\"https:\/\/www.kythiradomos.gr\/de\/aroniadika\/\"]}]},{\"@type\":\"BreadcrumbList\",\"@id\":\"https:\/\/www.kythiradomos.gr\/de\/aroniadika\/#breadcrumb\",\"itemListElement\":[{\"@type\":\"ListItem\",\"position\":1,\"name\":\"\u0391\u03c1\u03c7\u03b9\u03ba\u03ae\",\"item\":\"https:\/\/www.kythiradomos.gr\/\"},{\"@type\":\"ListItem\",\"position\":2,\"name\":\"Aroniadika\"}]},{\"@type\":\"WebSite\",\"@id\":\"https:\/\/www.kythiradomos.gr\/#website\",\"url\":\"https:\/\/www.kythiradomos.gr\/\",\"name\":\"Pelitena Domos\",\"description\":\"\",\"publisher\":{\"@id\":\"https:\/\/www.kythiradomos.gr\/#organization\"},\"potentialAction\":[{\"@type\":\"SearchAction\",\"target\":{\"@type\":\"EntryPoint\",\"urlTemplate\":\"https:\/\/www.kythiradomos.gr\/?s={search_term_string}\"},\"query-input\":\"required name=search_term_string\"}],\"inLanguage\":\"de\"},{\"@type\":\"Organization\",\"@id\":\"https:\/\/www.kythiradomos.gr\/#organization\",\"name\":\"Pelitena IKE\",\"url\":\"https:\/\/www.kythiradomos.gr\/\",\"logo\":{\"@type\":\"ImageObject\",\"inLanguage\":\"de\",\"@id\":\"https:\/\/www.kythiradomos.gr\/#\/schema\/logo\/image\/\",\"url\":\"https:\/\/www.kythiradomos.gr\/wp-content\/uploads\/2022\/07\/logo.png\",\"contentUrl\":\"https:\/\/www.kythiradomos.gr\/wp-content\/uploads\/2022\/07\/logo.png\",\"width\":284,\"height\":152,\"caption\":\"Pelitena IKE\"},\"image\":{\"@id\":\"https:\/\/www.kythiradomos.gr\/#\/schema\/logo\/image\/\"}}]}<\/script>\n<!-- \/ Yoast SEO plugin. -->","yoast_head_json":{"title":"Aroniadika - Pelitena Domos","robots":{"index":"index","follow":"follow","max-snippet":"max-snippet:-1","max-image-preview":"max-image-preview:large","max-video-preview":"max-video-preview:-1"},"canonical":"https:\/\/www.kythiradomos.gr\/de\/aroniadika\/","og_locale":"de_DE","og_type":"article","og_title":"Aroniadika - Pelitena Domos","og_description":"Aroniadika Aroniadika ist eine traditionelle Siedlung mit hervorragenden Beispielen des architektonischen Erbes von Kythira und zieht Menschen an, die sich f\u00fcr die Geschichte und Tradition der Insel interessieren. \u201eAlte H\u00e4user mit Festungsarchitektur, Haust\u00fcren, Fensterl\u00e4den mit lokalen Mandelsteinen und Tuffsteinen, gepflasterte Innenh\u00f6fe, Treppen, Obergeschosse, \u00d6fenh\u00e4user, Volta, Blumenk\u00e4sten, Rundb\u00f6gen, Laubeng\u00e4nge, Balkone, Terrassen, Kopfsteinpflaster, Schornsteine, all das schafft [&hellip;]","og_url":"https:\/\/www.kythiradomos.gr\/de\/aroniadika\/","og_site_name":"Pelitena Domos","article_modified_time":"2023-01-04T11:28:50+00:00","og_image":[{"url":"https:\/\/www.kythiradomos.gr\/wp-content\/uploads\/2023\/01\/aroniadika_map-2_EN.jpg"}],"twitter_card":"summary_large_image","twitter_misc":{"Gesch\u00e4tzte Lesezeit":"5\u00a0Minuten"},"schema":{"@context":"https:\/\/schema.org","@graph":[{"@type":"WebPage","@id":"https:\/\/www.kythiradomos.gr\/de\/aroniadika\/","url":"https:\/\/www.kythiradomos.gr\/de\/aroniadika\/","name":"Aroniadika - Pelitena Domos","isPartOf":{"@id":"https:\/\/www.kythiradomos.gr\/#website"},"datePublished":"2022-07-13T10:58:00+00:00","dateModified":"2023-01-04T11:28:50+00:00","breadcrumb":{"@id":"https:\/\/www.kythiradomos.gr\/de\/aroniadika\/#breadcrumb"},"inLanguage":"de","potentialAction":[{"@type":"ReadAction","target":["https:\/\/www.kythiradomos.gr\/de\/aroniadika\/"]}]},{"@type":"BreadcrumbList","@id":"https:\/\/www.kythiradomos.gr\/de\/aroniadika\/#breadcrumb","itemListElement":[{"@type":"ListItem","position":1,"name":"\u0391\u03c1\u03c7\u03b9\u03ba\u03ae","item":"https:\/\/www.kythiradomos.gr\/"},{"@type":"ListItem","position":2,"name":"Aroniadika"}]},{"@type":"WebSite","@id":"https:\/\/www.kythiradomos.gr\/#website","url":"https:\/\/www.kythiradomos.gr\/","name":"Pelitena Domos","description":"","publisher":{"@id":"https:\/\/www.kythiradomos.gr\/#organization"},"potentialAction":[{"@type":"SearchAction","target":{"@type":"EntryPoint","urlTemplate":"https:\/\/www.kythiradomos.gr\/?s={search_term_string}"},"query-input":"required name=search_term_string"}],"inLanguage":"de"},{"@type":"Organization","@id":"https:\/\/www.kythiradomos.gr\/#organization","name":"Pelitena IKE","url":"https:\/\/www.kythiradomos.gr\/","logo":{"@type":"ImageObject","inLanguage":"de","@id":"https:\/\/www.kythiradomos.gr\/#\/schema\/logo\/image\/","url":"https:\/\/www.kythiradomos.gr\/wp-content\/uploads\/2022\/07\/logo.png","contentUrl":"https:\/\/www.kythiradomos.gr\/wp-content\/uploads\/2022\/07\/logo.png","width":284,"height":152,"caption":"Pelitena IKE"},"image":{"@id":"https:\/\/www.kythiradomos.gr\/#\/schema\/logo\/image\/"}}]}},"_links":{"self":[{"href":"https:\/\/www.kythiradomos.gr\/de\/wp-json\/wp\/v2\/pages\/2335","targetHints":{"allow":["GET"]}}],"collection":[{"href":"https:\/\/www.kythiradomos.gr\/de\/wp-json\/wp\/v2\/pages"}],"about":[{"href":"https:\/\/www.kythiradomos.gr\/de\/wp-json\/wp\/v2\/types\/page"}],"author":[{"embeddable":true,"href":"https:\/\/www.kythiradomos.gr\/de\/wp-json\/wp\/v2\/users\/1"}],"replies":[{"embeddable":true,"href":"https:\/\/www.kythiradomos.gr\/de\/wp-json\/wp\/v2\/comments?post=2335"}],"version-history":[{"count":0,"href":"https:\/\/www.kythiradomos.gr\/de\/wp-json\/wp\/v2\/pages\/2335\/revisions"}],"wp:attachment":[{"href":"https:\/\/www.kythiradomos.gr\/de\/wp-json\/wp\/v2\/media?parent=2335"}],"curies":[{"name":"wp","href":"https:\/\/api.w.org\/{rel}","templated":true}]}}