{"id":2038,"date":"2022-07-13T13:58:00","date_gmt":"2022-07-13T10:58:00","guid":{"rendered":"https:\/\/www.kythiradomos.gr\/aroniadika\/"},"modified":"2023-01-04T13:28:20","modified_gmt":"2023-01-04T11:28:20","slug":"aroniadika","status":"publish","type":"page","link":"https:\/\/www.kythiradomos.gr\/fr\/aroniadika\/","title":{"rendered":"Aroniadika"},"content":{"rendered":"\t\t<div data-elementor-type=\"wp-page\" data-elementor-id=\"2038\" class=\"elementor elementor-2038 elementor-792\">\n\t\t\t\t\t\t\t\t\t<section data-particle_enable=\"false\" data-particle-mobile-disabled=\"false\" class=\"elementor-section elementor-top-section elementor-element elementor-element-0755a44 elementor-section-height-min-height elementor-section-items-bottom elementor-section-content-bottom elementor-section-boxed elementor-section-height-default\" data-id=\"0755a44\" data-element_type=\"section\" data-settings=\"{&quot;background_background&quot;:&quot;classic&quot;}\">\n\t\t\t\t\t\t<div class=\"elementor-container elementor-column-gap-default\">\n\t\t\t\t\t<div class=\"elementor-column elementor-col-100 elementor-top-column elementor-element elementor-element-6dda884\" data-id=\"6dda884\" data-element_type=\"column\" data-settings=\"{&quot;background_background&quot;:&quot;classic&quot;}\">\n\t\t\t<div class=\"elementor-widget-wrap elementor-element-populated\">\n\t\t\t\t\t\t\t\t<div class=\"elementor-element elementor-element-51623f0 elementor-widget elementor-widget-heading\" data-id=\"51623f0\" data-element_type=\"widget\" data-widget_type=\"heading.default\">\n\t\t\t\t<div class=\"elementor-widget-container\">\n\t\t\t<style>\/*! elementor - v3.11.5 - 14-03-2023 *\/\n.elementor-heading-title{padding:0;margin:0;line-height:1}.elementor-widget-heading .elementor-heading-title[class*=elementor-size-]>a{color:inherit;font-size:inherit;line-height:inherit}.elementor-widget-heading .elementor-heading-title.elementor-size-small{font-size:15px}.elementor-widget-heading .elementor-heading-title.elementor-size-medium{font-size:19px}.elementor-widget-heading .elementor-heading-title.elementor-size-large{font-size:29px}.elementor-widget-heading .elementor-heading-title.elementor-size-xl{font-size:39px}.elementor-widget-heading .elementor-heading-title.elementor-size-xxl{font-size:59px}<\/style><h2 class=\"elementor-heading-title elementor-size-default\">Aroniadika<\/h2>\t\t<\/div>\n\t\t\t\t<\/div>\n\t\t\t\t<div class=\"elementor-element elementor-element-d752c1a elementor-widget elementor-widget-text-editor\" data-id=\"d752c1a\" data-element_type=\"widget\" data-widget_type=\"text-editor.default\">\n\t\t\t\t<div class=\"elementor-widget-container\">\n\t\t\t<style>\/*! elementor - v3.11.5 - 14-03-2023 *\/\n.elementor-widget-text-editor.elementor-drop-cap-view-stacked .elementor-drop-cap{background-color:#818a91;color:#fff}.elementor-widget-text-editor.elementor-drop-cap-view-framed .elementor-drop-cap{color:#818a91;border:3px solid;background-color:transparent}.elementor-widget-text-editor:not(.elementor-drop-cap-view-default) .elementor-drop-cap{margin-top:8px}.elementor-widget-text-editor:not(.elementor-drop-cap-view-default) .elementor-drop-cap-letter{width:1em;height:1em}.elementor-widget-text-editor .elementor-drop-cap{float:left;text-align:center;line-height:1;font-size:50px}.elementor-widget-text-editor .elementor-drop-cap-letter{display:inline-block}<\/style>\t\t\t\t<\/p>\n<p>Aroniadika est un village traditionnel avec d&rsquo;excellents exemples du patrimoine architectural de Cyth\u00e8re et attire les personnes int\u00e9ress\u00e9es \u00e0 l&rsquo;histoire et la tradition de l&rsquo;\u00eele.<\/p>\n\t\t\t\t\t\t<\/div>\n\t\t\t\t<\/div>\n\t\t\t\t<div class=\"elementor-element elementor-element-0318bfd elementor-widget elementor-widget-text-editor\" data-id=\"0318bfd\" data-element_type=\"widget\" data-widget_type=\"text-editor.default\">\n\t\t\t\t<div class=\"elementor-widget-container\">\n\t\t\t\t\t\t\t<p>\u00ab\u00a0Maisons anciennes \u00e0 l&rsquo;architecture de forteresse, portes d&rsquo;entr\u00e9e, volets en amandiers et tufs locaux, cours int\u00e9rieures pav\u00e9es, escaliers, alc\u00f4ves, fours, all\u00e9es, bacs \u00e0 fleurs, arcades, coursives, balcons, terrasses, pav\u00e9s, chemin\u00e9es, tout cela cr\u00e9e un environnement qui, lorsque vous vous promenez et que vous remarquez, fait revivre le pass\u00e9 de Cyth\u00e8re avec l&rsquo;\u00e9cho des raids de pirates et des occupations traditionnelles des hommes et des femmes\u00a0\u00bb<\/p>\n<p><a href=\"https:\/\/www.eleniharou.gr\/aroniadika-ena-anoichto-laografiko-moyseio-ton-kythiron\/\" target=\"_blank\" rel=\"noopener\"><span style=\"text-decoration: underline;\">eleniharou.gr\/aroniadika 1 &gt;<\/span><\/a><a href=\"https:\/\/www.eleniharou.gr\/aroniadika-to-chorio-ton-chalkiadon\" target=\"_blank\" rel=\"noopener\"><span style=\"text-decoration: underline;\">eleniharou.gr\/aroniadika 2<\/span> &gt;<\/a> <\/p>\n\t\t\t\t\t\t<\/div>\n\t\t\t\t<\/div>\n\t\t\t\t\t<\/div>\n\t\t<\/div>\n\t\t\t\t\t\t\t<\/div>\n\t\t<\/section>\n\t\t\t\t<section data-particle_enable=\"false\" data-particle-mobile-disabled=\"false\" class=\"elementor-section elementor-top-section elementor-element elementor-element-41bbfbd elementor-section-boxed elementor-section-height-default elementor-section-height-default\" data-id=\"41bbfbd\" data-element_type=\"section\" data-settings=\"{&quot;background_background&quot;:&quot;classic&quot;}\">\n\t\t\t\t\t\t<div class=\"elementor-container elementor-column-gap-default\">\n\t\t\t\t\t<div class=\"elementor-column elementor-col-50 elementor-top-column elementor-element elementor-element-80c08b9\" data-id=\"80c08b9\" data-element_type=\"column\">\n\t\t\t<div class=\"elementor-widget-wrap elementor-element-populated\">\n\t\t\t\t\t\t\t\t<div class=\"elementor-element elementor-element-ddbbce6 elementor-invisible elementor-widget elementor-widget-heading\" data-id=\"ddbbce6\" data-element_type=\"widget\" data-settings=\"{&quot;_animation&quot;:&quot;fadeInLeft&quot;}\" data-widget_type=\"heading.default\">\n\t\t\t\t<div class=\"elementor-widget-container\">\n\t\t\t<h2 class=\"elementor-heading-title elementor-size-default\">Un voyage <br>dans le temps<\/h2>\t\t<\/div>\n\t\t\t\t<\/div>\n\t\t\t\t\t<\/div>\n\t\t<\/div>\n\t\t\t\t<div class=\"elementor-column elementor-col-50 elementor-top-column elementor-element elementor-element-0302620\" data-id=\"0302620\" data-element_type=\"column\">\n\t\t\t<div class=\"elementor-widget-wrap elementor-element-populated\">\n\t\t\t\t\t\t\t\t<div class=\"elementor-element elementor-element-e33b85d elementor-invisible elementor-widget elementor-widget-text-editor\" data-id=\"e33b85d\" data-element_type=\"widget\" data-settings=\"{&quot;_animation&quot;:&quot;fadeIn&quot;}\" data-widget_type=\"text-editor.default\">\n\t\t\t\t<div class=\"elementor-widget-container\">\n\t\t\t\t\t\t\t<p>Le village a de nombreuses rues \u00e9troites pav\u00e9es et des art\u00e8res o\u00f9 les voitures ne peuvent pas passer. Se promener ici est un plaisir.<\/p>\n<p>C&rsquo;est vraiment un voyage dans le temps car des maisons et des manoirs soigneusement restaur\u00e9s alternent avec d&rsquo;anciennes ruines et sont entour\u00e9s de champs, de vergers et de jardins.<\/p>\n\t\t\t\t\t\t<\/div>\n\t\t\t\t<\/div>\n\t\t\t\t\t<\/div>\n\t\t<\/div>\n\t\t\t\t\t\t\t<\/div>\n\t\t<\/section>\n\t\t\t\t<section data-particle_enable=\"false\" data-particle-mobile-disabled=\"false\" class=\"elementor-section elementor-top-section elementor-element elementor-element-e59915c elementor-section-boxed elementor-section-height-default elementor-section-height-default\" data-id=\"e59915c\" data-element_type=\"section\">\n\t\t\t\t\t\t<div class=\"elementor-container elementor-column-gap-default\">\n\t\t\t\t\t<div class=\"elementor-column elementor-col-50 elementor-top-column elementor-element elementor-element-7eac16f\" data-id=\"7eac16f\" data-element_type=\"column\">\n\t\t\t<div class=\"elementor-widget-wrap elementor-element-populated\">\n\t\t\t\t\t\t\t\t<div class=\"elementor-element elementor-element-7ec7908 elementor-widget elementor-widget-image\" data-id=\"7ec7908\" data-element_type=\"widget\" data-widget_type=\"image.default\">\n\t\t\t\t<div class=\"elementor-widget-container\">\n\t\t\t<style>\/*! elementor - v3.11.5 - 14-03-2023 *\/\n.elementor-widget-image{text-align:center}.elementor-widget-image a{display:inline-block}.elementor-widget-image a img[src$=\".svg\"]{width:48px}.elementor-widget-image img{vertical-align:middle;display:inline-block}<\/style>\t\t\t\t\t\t\t\t\t\t\t\t<img loading=\"lazy\" decoding=\"async\" width=\"615\" height=\"750\" src=\"https:\/\/www.kythiradomos.gr\/wp-content\/uploads\/2023\/01\/aroniadika_map-2_EN.jpg\" class=\"attachment-large size-large wp-image-2391\" alt=\"\" srcset=\"https:\/\/www.kythiradomos.gr\/wp-content\/uploads\/2023\/01\/aroniadika_map-2_EN.jpg 615w, https:\/\/www.kythiradomos.gr\/wp-content\/uploads\/2023\/01\/aroniadika_map-2_EN-246x300.jpg 246w\" sizes=\"auto, (max-width: 615px) 100vw, 615px\" \/>\t\t\t\t\t\t\t\t\t\t\t\t\t\t\t<\/div>\n\t\t\t\t<\/div>\n\t\t\t\t\t<\/div>\n\t\t<\/div>\n\t\t\t\t<div class=\"elementor-column elementor-col-50 elementor-top-column elementor-element elementor-element-9c2c951\" data-id=\"9c2c951\" data-element_type=\"column\">\n\t\t\t<div class=\"elementor-widget-wrap elementor-element-populated\">\n\t\t\t\t\t\t\t\t<div class=\"elementor-element elementor-element-e581d72 elementor-invisible elementor-widget elementor-widget-text-editor\" data-id=\"e581d72\" data-element_type=\"widget\" data-settings=\"{&quot;_animation&quot;:&quot;zoomIn&quot;,&quot;_animation_delay&quot;:400}\" data-widget_type=\"text-editor.default\">\n\t\t\t\t<div class=\"elementor-widget-container\">\n\t\t\t\t\t\t\t<p>Pourquoi choisir Aroniadika ?<\/p>\n\t\t\t\t\t\t<\/div>\n\t\t\t\t<\/div>\n\t\t\t\t<div class=\"elementor-element elementor-element-074d6b8 elementor-widget elementor-widget-text-editor\" data-id=\"074d6b8\" data-element_type=\"widget\" data-widget_type=\"text-editor.default\">\n\t\t\t\t<div class=\"elementor-widget-container\">\n\t\t\t\t\t\t\t<ul>\n<li>Rare beau r\u00e8glement de conservation.<\/li>\n<li>S\u00e9r\u00e9nit\u00e9 et sentiment d&rsquo;isolement.<\/li>\n<li>Fra\u00eecheur due aux vents d&rsquo;ouest et du nord.<\/li>\n<li>\u00c0 distance de marche des restaurants et des magasins.<\/li>\n<li>Emplacement central \u00e0 distance \u00e9gale de tous les points int\u00e9ressants de l&rsquo;\u00eele.<\/li>\n<li>\u00c0 courte distance de l&rsquo;a\u00e9roport, du port et de l&rsquo;h\u00f4pital.<\/li>\n<li>Il s&rsquo;adresse \u00e0 ceux d&rsquo;entre vous qui ne sont pas fans du tourisme de masse.<\/li>\n<\/ul>\n\t\t\t\t\t\t<\/div>\n\t\t\t\t<\/div>\n\t\t\t\t\t<\/div>\n\t\t<\/div>\n\t\t\t\t\t\t\t<\/div>\n\t\t<\/section>\n\t\t\t\t<section data-particle_enable=\"false\" data-particle-mobile-disabled=\"false\" class=\"elementor-section elementor-top-section elementor-element elementor-element-3bd18e8 elementor-section-full_width elementor-section-height-default elementor-section-height-default\" data-id=\"3bd18e8\" data-element_type=\"section\" data-settings=\"{&quot;background_background&quot;:&quot;classic&quot;}\">\n\t\t\t\t\t\t<div class=\"elementor-container elementor-column-gap-default\">\n\t\t\t\t\t<div class=\"elementor-column elementor-col-100 elementor-top-column elementor-element elementor-element-8fecbff\" data-id=\"8fecbff\" data-element_type=\"column\">\n\t\t\t<div class=\"elementor-widget-wrap elementor-element-populated\">\n\t\t\t\t\t\t\t\t<div class=\"elementor-element elementor-element-0a444f7 elementor-widget elementor-widget-heading\" data-id=\"0a444f7\" data-element_type=\"widget\" data-widget_type=\"heading.default\">\n\t\t\t\t<div class=\"elementor-widget-container\">\n\t\t\t<h2 class=\"elementor-heading-title elementor-size-default\">Photo Gallery<\/h2>\t\t<\/div>\n\t\t\t\t<\/div>\n\t\t\t\t<div class=\"elementor-element elementor-element-abf7705 elementor-arrows-position-inside elementor-pagination-position-outside elementor-widget elementor-widget-image-carousel\" data-id=\"abf7705\" data-element_type=\"widget\" data-settings=\"{&quot;lazyload&quot;:&quot;yes&quot;,&quot;image_spacing_custom&quot;:{&quot;unit&quot;:&quot;px&quot;,&quot;size&quot;:57,&quot;sizes&quot;:[]},&quot;slides_to_show&quot;:&quot;2&quot;,&quot;slides_to_scroll&quot;:&quot;2&quot;,&quot;navigation&quot;:&quot;both&quot;,&quot;autoplay&quot;:&quot;yes&quot;,&quot;pause_on_hover&quot;:&quot;yes&quot;,&quot;pause_on_interaction&quot;:&quot;yes&quot;,&quot;autoplay_speed&quot;:5000,&quot;infinite&quot;:&quot;yes&quot;,&quot;speed&quot;:500,&quot;image_spacing_custom_laptop&quot;:{&quot;unit&quot;:&quot;px&quot;,&quot;size&quot;:&quot;&quot;,&quot;sizes&quot;:[]},&quot;image_spacing_custom_tablet_extra&quot;:{&quot;unit&quot;:&quot;px&quot;,&quot;size&quot;:&quot;&quot;,&quot;sizes&quot;:[]},&quot;image_spacing_custom_tablet&quot;:{&quot;unit&quot;:&quot;px&quot;,&quot;size&quot;:&quot;&quot;,&quot;sizes&quot;:[]},&quot;image_spacing_custom_mobile&quot;:{&quot;unit&quot;:&quot;px&quot;,&quot;size&quot;:&quot;&quot;,&quot;sizes&quot;:[]}}\" data-widget_type=\"image-carousel.default\">\n\t\t\t\t<div class=\"elementor-widget-container\">\n\t\t\t<style>\/*! elementor - v3.11.5 - 14-03-2023 *\/\n.elementor-widget-image-carousel .swiper,.elementor-widget-image-carousel .swiper-container{position:static}.elementor-widget-image-carousel .swiper-container .swiper-slide figure,.elementor-widget-image-carousel .swiper .swiper-slide figure{line-height:inherit}.elementor-widget-image-carousel .swiper-slide{text-align:center}.elementor-image-carousel-wrapper:not(.swiper-container-initialized) .swiper-slide,.elementor-image-carousel-wrapper:not(.swiper-initialized) .swiper-slide{max-width:calc(100% \/ var(--e-image-carousel-slides-to-show, 3))}<\/style>\t\t<div class=\"elementor-image-carousel-wrapper swiper-container\" dir=\"ltr\">\n\t\t\t<div class=\"elementor-image-carousel swiper-wrapper swiper-image-stretch\">\n\t\t\t\t\t\t\t\t<div class=\"swiper-slide\"><figure class=\"swiper-slide-inner\"><img class=\"swiper-slide-image swiper-lazy\" data-src=\"https:\/\/www.kythiradomos.gr\/wp-content\/uploads\/2022\/07\/gallery_14-768x506.jpg\" alt=\"\u0391roniadika\" \/><div class=\"swiper-lazy-preloader\"><\/div><\/figure><\/div><div class=\"swiper-slide\"><figure class=\"swiper-slide-inner\"><img class=\"swiper-slide-image swiper-lazy\" data-src=\"https:\/\/www.kythiradomos.gr\/wp-content\/uploads\/2022\/07\/gallery_13-768x506.jpg\" alt=\"\u0391roniadika\" \/><div class=\"swiper-lazy-preloader\"><\/div><\/figure><\/div><div class=\"swiper-slide\"><figure class=\"swiper-slide-inner\"><img class=\"swiper-slide-image swiper-lazy\" data-src=\"https:\/\/www.kythiradomos.gr\/wp-content\/uploads\/2022\/07\/gallery_12-768x506.jpg\" alt=\"\u0391roniadika\" \/><div class=\"swiper-lazy-preloader\"><\/div><\/figure><\/div><div class=\"swiper-slide\"><figure class=\"swiper-slide-inner\"><img class=\"swiper-slide-image swiper-lazy\" data-src=\"https:\/\/www.kythiradomos.gr\/wp-content\/uploads\/2022\/07\/gallery_11-768x506.jpg\" alt=\"\u0391roniadika\" \/><div class=\"swiper-lazy-preloader\"><\/div><\/figure><\/div><div class=\"swiper-slide\"><figure class=\"swiper-slide-inner\"><img class=\"swiper-slide-image swiper-lazy\" data-src=\"https:\/\/www.kythiradomos.gr\/wp-content\/uploads\/2022\/08\/ARONIADIKA_new1.jpg\" alt=\"ARONIADIKA_new1\" \/><div class=\"swiper-lazy-preloader\"><\/div><\/figure><\/div><div class=\"swiper-slide\"><figure class=\"swiper-slide-inner\"><img class=\"swiper-slide-image swiper-lazy\" data-src=\"https:\/\/www.kythiradomos.gr\/wp-content\/uploads\/2022\/07\/ARONIADIKA3.jpg\" alt=\"ARONIADIKA3\" \/><div class=\"swiper-lazy-preloader\"><\/div><\/figure><\/div><div class=\"swiper-slide\"><figure class=\"swiper-slide-inner\"><img class=\"swiper-slide-image swiper-lazy\" data-src=\"https:\/\/www.kythiradomos.gr\/wp-content\/uploads\/2022\/07\/ARONIADIKA2.jpg\" alt=\"ARONIADIKA2\" \/><div class=\"swiper-lazy-preloader\"><\/div><\/figure><\/div><div class=\"swiper-slide\"><figure class=\"swiper-slide-inner\"><img class=\"swiper-slide-image swiper-lazy\" data-src=\"https:\/\/www.kythiradomos.gr\/wp-content\/uploads\/2022\/07\/ARONIADIKA4.jpg\" alt=\"ARONIADIKA4\" \/><div class=\"swiper-lazy-preloader\"><\/div><\/figure><\/div><div class=\"swiper-slide\"><figure class=\"swiper-slide-inner\"><img class=\"swiper-slide-image swiper-lazy\" data-src=\"https:\/\/www.kythiradomos.gr\/wp-content\/uploads\/2022\/07\/99-768x506.jpg\" alt=\"99\" \/><div class=\"swiper-lazy-preloader\"><\/div><\/figure><\/div><div class=\"swiper-slide\"><figure class=\"swiper-slide-inner\"><img class=\"swiper-slide-image swiper-lazy\" data-src=\"https:\/\/www.kythiradomos.gr\/wp-content\/uploads\/2022\/08\/ARONIADIKA_new2.jpg\" alt=\"ARONIADIKA_new2\" \/><div class=\"swiper-lazy-preloader\"><\/div><\/figure><\/div><div class=\"swiper-slide\"><figure class=\"swiper-slide-inner\"><img class=\"swiper-slide-image swiper-lazy\" data-src=\"https:\/\/www.kythiradomos.gr\/wp-content\/uploads\/2022\/07\/88-768x506.jpg\" alt=\"88\" \/><div class=\"swiper-lazy-preloader\"><\/div><\/figure><\/div><div class=\"swiper-slide\"><figure class=\"swiper-slide-inner\"><img class=\"swiper-slide-image swiper-lazy\" data-src=\"https:\/\/www.kythiradomos.gr\/wp-content\/uploads\/2022\/08\/ARONIADIKA_new3.jpg\" alt=\"ARONIADIKA_new3\" \/><div class=\"swiper-lazy-preloader\"><\/div><\/figure><\/div>\t\t\t<\/div>\n\t\t\t\t\t\t\t\t\t\t\t\t<div class=\"swiper-pagination\"><\/div>\n\t\t\t\t\t\t\t\t\t\t\t\t\t<div class=\"elementor-swiper-button elementor-swiper-button-prev\">\n\t\t\t\t\t\t<i aria-hidden=\"true\" class=\"eicon-chevron-left\"><\/i>\t\t\t\t\t\t<span class=\"elementor-screen-only\">Pr\u00e9c\u00e9dent<\/span>\n\t\t\t\t\t<\/div>\n\t\t\t\t\t<div class=\"elementor-swiper-button elementor-swiper-button-next\">\n\t\t\t\t\t\t<i aria-hidden=\"true\" class=\"eicon-chevron-right\"><\/i>\t\t\t\t\t\t<span class=\"elementor-screen-only\">Suivant<\/span>\n\t\t\t\t\t<\/div>\n\t\t\t\t\t\t\t\t\t<\/div>\n\t\t\t\t<\/div>\n\t\t\t\t<\/div>\n\t\t\t\t\t<\/div>\n\t\t<\/div>\n\t\t\t\t\t\t\t<\/div>\n\t\t<\/section>\n\t\t\t\t\t\t\t<\/div>\n\t\t","protected":false},"excerpt":{"rendered":"<p>Aroniadika Aroniadika est un village traditionnel avec d&rsquo;excellents exemples du patrimoine architectural de Cyth\u00e8re et attire les personnes int\u00e9ress\u00e9es \u00e0 l&rsquo;histoire et la tradition de l&rsquo;\u00eele. \u00ab\u00a0Maisons anciennes \u00e0 l&rsquo;architecture de forteresse, portes d&rsquo;entr\u00e9e, volets en amandiers et tufs locaux, cours int\u00e9rieures pav\u00e9es, escaliers, alc\u00f4ves, fours, all\u00e9es, bacs \u00e0 fleurs, arcades, coursives, balcons, terrasses, pav\u00e9s, [&hellip;]<\/p>\n","protected":false},"author":1,"featured_media":0,"parent":0,"menu_order":0,"comment_status":"closed","ping_status":"closed","template":"elementor_header_footer","meta":{"footnotes":""},"class_list":["post-2038","page","type-page","status-publish","hentry"],"yoast_head":"<!-- This site is optimized with the Yoast SEO plugin v20.3 - https:\/\/yoast.com\/wordpress\/plugins\/seo\/ -->\n<title>Aroniadika - Pelitena Domos<\/title>\n<meta name=\"robots\" content=\"index, follow, max-snippet:-1, max-image-preview:large, max-video-preview:-1\" \/>\n<link rel=\"canonical\" href=\"https:\/\/www.kythiradomos.gr\/fr\/aroniadika\/\" \/>\n<meta property=\"og:locale\" content=\"fr_FR\" \/>\n<meta property=\"og:type\" content=\"article\" \/>\n<meta property=\"og:title\" content=\"Aroniadika - Pelitena Domos\" \/>\n<meta property=\"og:description\" content=\"Aroniadika Aroniadika est un village traditionnel avec d&rsquo;excellents exemples du patrimoine architectural de Cyth\u00e8re et attire les personnes int\u00e9ress\u00e9es \u00e0 l&rsquo;histoire et la tradition de l&rsquo;\u00eele. \u00ab\u00a0Maisons anciennes \u00e0 l&rsquo;architecture de forteresse, portes d&rsquo;entr\u00e9e, volets en amandiers et tufs locaux, cours int\u00e9rieures pav\u00e9es, escaliers, alc\u00f4ves, fours, all\u00e9es, bacs \u00e0 fleurs, arcades, coursives, balcons, terrasses, pav\u00e9s, [&hellip;]\" \/>\n<meta property=\"og:url\" content=\"https:\/\/www.kythiradomos.gr\/fr\/aroniadika\/\" \/>\n<meta property=\"og:site_name\" content=\"Pelitena Domos\" \/>\n<meta property=\"article:modified_time\" content=\"2023-01-04T11:28:20+00:00\" \/>\n<meta property=\"og:image\" content=\"https:\/\/www.kythiradomos.gr\/wp-content\/uploads\/2023\/01\/aroniadika_map-2_EN.jpg\" \/>\n<meta name=\"twitter:card\" content=\"summary_large_image\" \/>\n<meta name=\"twitter:label1\" content=\"Dur\u00e9e de lecture estim\u00e9e\" \/>\n\t<meta name=\"twitter:data1\" content=\"5 minutes\" \/>\n<script type=\"application\/ld+json\" class=\"yoast-schema-graph\">{\"@context\":\"https:\/\/schema.org\",\"@graph\":[{\"@type\":\"WebPage\",\"@id\":\"https:\/\/www.kythiradomos.gr\/fr\/aroniadika\/\",\"url\":\"https:\/\/www.kythiradomos.gr\/fr\/aroniadika\/\",\"name\":\"Aroniadika - Pelitena Domos\",\"isPartOf\":{\"@id\":\"https:\/\/www.kythiradomos.gr\/#website\"},\"datePublished\":\"2022-07-13T10:58:00+00:00\",\"dateModified\":\"2023-01-04T11:28:20+00:00\",\"breadcrumb\":{\"@id\":\"https:\/\/www.kythiradomos.gr\/fr\/aroniadika\/#breadcrumb\"},\"inLanguage\":\"fr-FR\",\"potentialAction\":[{\"@type\":\"ReadAction\",\"target\":[\"https:\/\/www.kythiradomos.gr\/fr\/aroniadika\/\"]}]},{\"@type\":\"BreadcrumbList\",\"@id\":\"https:\/\/www.kythiradomos.gr\/fr\/aroniadika\/#breadcrumb\",\"itemListElement\":[{\"@type\":\"ListItem\",\"position\":1,\"name\":\"\u0391\u03c1\u03c7\u03b9\u03ba\u03ae\",\"item\":\"https:\/\/www.kythiradomos.gr\/\"},{\"@type\":\"ListItem\",\"position\":2,\"name\":\"Aroniadika\"}]},{\"@type\":\"WebSite\",\"@id\":\"https:\/\/www.kythiradomos.gr\/#website\",\"url\":\"https:\/\/www.kythiradomos.gr\/\",\"name\":\"Pelitena Domos\",\"description\":\"\",\"publisher\":{\"@id\":\"https:\/\/www.kythiradomos.gr\/#organization\"},\"potentialAction\":[{\"@type\":\"SearchAction\",\"target\":{\"@type\":\"EntryPoint\",\"urlTemplate\":\"https:\/\/www.kythiradomos.gr\/?s={search_term_string}\"},\"query-input\":\"required name=search_term_string\"}],\"inLanguage\":\"fr-FR\"},{\"@type\":\"Organization\",\"@id\":\"https:\/\/www.kythiradomos.gr\/#organization\",\"name\":\"Pelitena IKE\",\"url\":\"https:\/\/www.kythiradomos.gr\/\",\"logo\":{\"@type\":\"ImageObject\",\"inLanguage\":\"fr-FR\",\"@id\":\"https:\/\/www.kythiradomos.gr\/#\/schema\/logo\/image\/\",\"url\":\"https:\/\/www.kythiradomos.gr\/wp-content\/uploads\/2022\/07\/logo.png\",\"contentUrl\":\"https:\/\/www.kythiradomos.gr\/wp-content\/uploads\/2022\/07\/logo.png\",\"width\":284,\"height\":152,\"caption\":\"Pelitena IKE\"},\"image\":{\"@id\":\"https:\/\/www.kythiradomos.gr\/#\/schema\/logo\/image\/\"}}]}<\/script>\n<!-- \/ Yoast SEO plugin. -->","yoast_head_json":{"title":"Aroniadika - Pelitena Domos","robots":{"index":"index","follow":"follow","max-snippet":"max-snippet:-1","max-image-preview":"max-image-preview:large","max-video-preview":"max-video-preview:-1"},"canonical":"https:\/\/www.kythiradomos.gr\/fr\/aroniadika\/","og_locale":"fr_FR","og_type":"article","og_title":"Aroniadika - Pelitena Domos","og_description":"Aroniadika Aroniadika est un village traditionnel avec d&rsquo;excellents exemples du patrimoine architectural de Cyth\u00e8re et attire les personnes int\u00e9ress\u00e9es \u00e0 l&rsquo;histoire et la tradition de l&rsquo;\u00eele. \u00ab\u00a0Maisons anciennes \u00e0 l&rsquo;architecture de forteresse, portes d&rsquo;entr\u00e9e, volets en amandiers et tufs locaux, cours int\u00e9rieures pav\u00e9es, escaliers, alc\u00f4ves, fours, all\u00e9es, bacs \u00e0 fleurs, arcades, coursives, balcons, terrasses, pav\u00e9s, [&hellip;]","og_url":"https:\/\/www.kythiradomos.gr\/fr\/aroniadika\/","og_site_name":"Pelitena Domos","article_modified_time":"2023-01-04T11:28:20+00:00","og_image":[{"url":"https:\/\/www.kythiradomos.gr\/wp-content\/uploads\/2023\/01\/aroniadika_map-2_EN.jpg"}],"twitter_card":"summary_large_image","twitter_misc":{"Dur\u00e9e de lecture estim\u00e9e":"5 minutes"},"schema":{"@context":"https:\/\/schema.org","@graph":[{"@type":"WebPage","@id":"https:\/\/www.kythiradomos.gr\/fr\/aroniadika\/","url":"https:\/\/www.kythiradomos.gr\/fr\/aroniadika\/","name":"Aroniadika - Pelitena Domos","isPartOf":{"@id":"https:\/\/www.kythiradomos.gr\/#website"},"datePublished":"2022-07-13T10:58:00+00:00","dateModified":"2023-01-04T11:28:20+00:00","breadcrumb":{"@id":"https:\/\/www.kythiradomos.gr\/fr\/aroniadika\/#breadcrumb"},"inLanguage":"fr-FR","potentialAction":[{"@type":"ReadAction","target":["https:\/\/www.kythiradomos.gr\/fr\/aroniadika\/"]}]},{"@type":"BreadcrumbList","@id":"https:\/\/www.kythiradomos.gr\/fr\/aroniadika\/#breadcrumb","itemListElement":[{"@type":"ListItem","position":1,"name":"\u0391\u03c1\u03c7\u03b9\u03ba\u03ae","item":"https:\/\/www.kythiradomos.gr\/"},{"@type":"ListItem","position":2,"name":"Aroniadika"}]},{"@type":"WebSite","@id":"https:\/\/www.kythiradomos.gr\/#website","url":"https:\/\/www.kythiradomos.gr\/","name":"Pelitena Domos","description":"","publisher":{"@id":"https:\/\/www.kythiradomos.gr\/#organization"},"potentialAction":[{"@type":"SearchAction","target":{"@type":"EntryPoint","urlTemplate":"https:\/\/www.kythiradomos.gr\/?s={search_term_string}"},"query-input":"required name=search_term_string"}],"inLanguage":"fr-FR"},{"@type":"Organization","@id":"https:\/\/www.kythiradomos.gr\/#organization","name":"Pelitena IKE","url":"https:\/\/www.kythiradomos.gr\/","logo":{"@type":"ImageObject","inLanguage":"fr-FR","@id":"https:\/\/www.kythiradomos.gr\/#\/schema\/logo\/image\/","url":"https:\/\/www.kythiradomos.gr\/wp-content\/uploads\/2022\/07\/logo.png","contentUrl":"https:\/\/www.kythiradomos.gr\/wp-content\/uploads\/2022\/07\/logo.png","width":284,"height":152,"caption":"Pelitena IKE"},"image":{"@id":"https:\/\/www.kythiradomos.gr\/#\/schema\/logo\/image\/"}}]}},"_links":{"self":[{"href":"https:\/\/www.kythiradomos.gr\/fr\/wp-json\/wp\/v2\/pages\/2038","targetHints":{"allow":["GET"]}}],"collection":[{"href":"https:\/\/www.kythiradomos.gr\/fr\/wp-json\/wp\/v2\/pages"}],"about":[{"href":"https:\/\/www.kythiradomos.gr\/fr\/wp-json\/wp\/v2\/types\/page"}],"author":[{"embeddable":true,"href":"https:\/\/www.kythiradomos.gr\/fr\/wp-json\/wp\/v2\/users\/1"}],"replies":[{"embeddable":true,"href":"https:\/\/www.kythiradomos.gr\/fr\/wp-json\/wp\/v2\/comments?post=2038"}],"version-history":[{"count":0,"href":"https:\/\/www.kythiradomos.gr\/fr\/wp-json\/wp\/v2\/pages\/2038\/revisions"}],"wp:attachment":[{"href":"https:\/\/www.kythiradomos.gr\/fr\/wp-json\/wp\/v2\/media?parent=2038"}],"curies":[{"name":"wp","href":"https:\/\/api.w.org\/{rel}","templated":true}]}}